{"id":364,"date":"2025-07-20T15:21:21","date_gmt":"2025-07-20T15:21:21","guid":{"rendered":"https:\/\/testing.thanglong-jsc.com\/?page_id=364"},"modified":"2025-07-22T04:07:44","modified_gmt":"2025-07-22T04:07:44","slug":"lien-he","status":"publish","type":"page","link":"https:\/\/testing.thanglong-jsc.com\/index.php\/lien-he\/","title":{"rendered":"Li\u00ean h\u1ec7"},"content":{"rendered":"\t\t<div data-elementor-type=\"wp-page\" data-elementor-id=\"364\" class=\"elementor elementor-364\" data-elementor-post-type=\"page\">\n\t\t\t\t<div class=\"elementor-element elementor-element-828ea7a e-con-full e-flex e-con e-parent\" data-id=\"828ea7a\" data-element_type=\"container\">\n\t\t\t\t<div class=\"elementor-element elementor-element-1a64043 elementor-widget elementor-widget-image\" data-id=\"1a64043\" data-element_type=\"widget\" data-widget_type=\"image.default\">\n\t\t\t\t\t\t\t\t\t\t\t\t\t\t\t<img fetchpriority=\"high\" decoding=\"async\" width=\"800\" height=\"258\" src=\"https:\/\/testing.thanglong-jsc.com\/wp-content\/uploads\/2025\/07\/image-16-1024x330.png\" class=\"attachment-large size-large wp-image-623\" alt=\"\" srcset=\"https:\/\/testing.thanglong-jsc.com\/wp-content\/uploads\/2025\/07\/image-16-1024x330.png 1024w, https:\/\/testing.thanglong-jsc.com\/wp-content\/uploads\/2025\/07\/image-16-300x97.png 300w, https:\/\/testing.thanglong-jsc.com\/wp-content\/uploads\/2025\/07\/image-16-768x248.png 768w, https:\/\/testing.thanglong-jsc.com\/wp-content\/uploads\/2025\/07\/image-16-1536x495.png 1536w, https:\/\/testing.thanglong-jsc.com\/wp-content\/uploads\/2025\/07\/image-16.png 1600w\" sizes=\"(max-width: 800px) 100vw, 800px\" \/>\t\t\t\t\t\t\t\t\t\t\t\t\t\t\t<\/div>\n\t\t\t\t<\/div>\n\t\t<div class=\"elementor-element elementor-element-0feeff0 e-flex e-con-boxed e-con e-parent\" data-id=\"0feeff0\" data-element_type=\"container\">\n\t\t\t\t\t<div class=\"e-con-inner\">\n\t\t<div class=\"elementor-element elementor-element-28634f1 e-con-full e-flex e-con e-child\" data-id=\"28634f1\" data-element_type=\"container\">\n\t\t\t\t<div class=\"elementor-element elementor-element-14cbab5 elementor-widget elementor-widget-heading\" data-id=\"14cbab5\" data-element_type=\"widget\" data-widget_type=\"heading.default\">\n\t\t\t\t\t<h2 class=\"elementor-heading-title elementor-size-default\">K\u1ebft n\u1ed1i v\u1edbi ch\u00fang t\u00f4i<\/h2>\t\t\t\t<\/div>\n\t\t\t\t<div class=\"elementor-element elementor-element-6049104 elementor-widget__width-inherit elementor-widget elementor-widget-wpforms\" data-id=\"6049104\" data-element_type=\"widget\" data-widget_type=\"wpforms.default\">\n\t\t\t\t<div class=\"elementor-widget-container\">\n\t\t\t\t\t<style id=\"wpforms-css-vars-elementor-widget-6049104\">\n\t\t\t\t.elementor-widget-wpforms.elementor-element-6049104 {\n\t\t\t\t--wpforms-field-border-color: #00000012;\n--wpforms-field-border-color-spare: #00000012;\n--wpforms-button-border-radius: 20px;\n--wpforms-button-background-color: #3CABE1;\n\n\t\t\t}\n\t\t\t<\/style><div class=\"wpforms-container wpforms-container-full wpforms-render-modern\" id=\"wpforms-308\"><form id=\"wpforms-form-308\" class=\"wpforms-validate wpforms-form wpforms-ajax-form\" data-formid=\"308\" method=\"post\" enctype=\"multipart\/form-data\" action=\"\/index.php\/wp-json\/wp\/v2\/pages\/364\" data-token=\"edcccaa49ddac1dc8f65cb2f54a05edc\" data-token-time=\"1778881969\"><noscript class=\"wpforms-error-noscript\">Please enable JavaScript in your browser to complete this form.<\/noscript><div id=\"wpforms-error-noscript\" style=\"display: none;\">Please enable JavaScript in your browser to complete this form.<\/div><div class=\"wpforms-field-container\"><div id=\"wpforms-308-field_1-container\" class=\"wpforms-field wpforms-field-name\" data-field-id=\"1\"><label class=\"wpforms-field-label wpforms-label-hide\" for=\"wpforms-308-field_1\" aria-hidden=\"false\">Name <span class=\"wpforms-required-label\" aria-hidden=\"true\">*<\/span><\/label><input type=\"text\" id=\"wpforms-308-field_1\" class=\"wpforms-field-large wpforms-field-required\" name=\"wpforms[fields][1]\" placeholder=\"H\u1ecd v\u00e0 t\u00ean\" aria-errormessage=\"wpforms-308-field_1-error\" required><\/div><div id=\"wpforms-308-field_2-container\" class=\"wpforms-field wpforms-field-email\" data-field-id=\"2\"><label class=\"wpforms-field-label wpforms-label-hide\" for=\"wpforms-308-field_2\" aria-hidden=\"false\">Email <span class=\"wpforms-required-label\" aria-hidden=\"true\">*<\/span><\/label><input type=\"email\" id=\"wpforms-308-field_2\" class=\"wpforms-field-large wpforms-field-required\" name=\"wpforms[fields][2]\" placeholder=\"Email\" spellcheck=\"false\" aria-errormessage=\"wpforms-308-field_2-error\" required><\/div>\t\t<div id=\"wpforms-308-field_4-container\"\n\t\t\tclass=\"wpforms-field wpforms-field-text\"\n\t\t\tdata-field-type=\"text\"\n\t\t\tdata-field-id=\"4\"\n\t\t\t>\n\t\t\t<label class=\"wpforms-field-label\" for=\"wpforms-308-field_4\" >Message Email or<\/label>\n\t\t\t<input type=\"text\" id=\"wpforms-308-field_4\" class=\"wpforms-field-medium\" name=\"wpforms[fields][4]\" >\n\t\t<\/div>\n\t\t<div id=\"wpforms-308-field_6-container\" class=\"wpforms-field wpforms-field-phone\" data-field-id=\"6\"><label class=\"wpforms-field-label wpforms-label-hide\" for=\"wpforms-308-field_6\" aria-hidden=\"false\">Phone<\/label><input type=\"tel\" id=\"wpforms-308-field_6\" class=\"wpforms-field-large wpforms-smart-phone-field\" data-rule-smart-phone-field=\"true\" name=\"wpforms[fields][6]\" placeholder=\"S\u0110T\" aria-label=\"Phone\" aria-errormessage=\"wpforms-308-field_6-error\" ><\/div><div id=\"wpforms-308-field_3-container\" class=\"wpforms-field wpforms-field-textarea\" data-field-id=\"3\"><label class=\"wpforms-field-label wpforms-label-hide\" for=\"wpforms-308-field_3\" aria-hidden=\"false\">Comment or Message<\/label><textarea id=\"wpforms-308-field_3\" class=\"wpforms-field-medium\" name=\"wpforms[fields][3]\" aria-errormessage=\"wpforms-308-field_3-error\" aria-describedby=\"wpforms-308-field_3-description\" ><\/textarea><div id=\"wpforms-308-field_3-description\" class=\"wpforms-field-description\">L\u1eddi nh\u1eafn<\/div><\/div><script>\n\t\t\t\t( function() {\n\t\t\t\t\tconst style = document.createElement( 'style' );\n\t\t\t\t\tstyle.appendChild( document.createTextNode( '#wpforms-308-field_4-container { position: absolute !important; overflow: hidden !important; display: inline !important; height: 1px !important; width: 1px !important; z-index: -1000 !important; padding: 0 !important; } #wpforms-308-field_4-container input { visibility: hidden; } #wpforms-conversational-form-page #wpforms-308-field_4-container label { counter-increment: none; }' ) );\n\t\t\t\t\tdocument.head.appendChild( style );\n\t\t\t\t\tdocument.currentScript?.remove();\n\t\t\t\t} )();\n\t\t\t<\/script><\/div><!-- .wpforms-field-container --><div class=\"wpforms-submit-container\" ><input type=\"hidden\" name=\"wpforms[id]\" value=\"308\"><input type=\"hidden\" name=\"page_title\" value=\"\"><input type=\"hidden\" name=\"page_url\" value=\"https:\/\/testing.thanglong-jsc.com\/index.php\/wp-json\/wp\/v2\/pages\/364\"><input type=\"hidden\" name=\"url_referer\" value=\"\"><button type=\"submit\" name=\"wpforms[submit]\" id=\"wpforms-submit-308\" class=\"wpforms-submit\" data-alt-text=\"\u0110ang g\u1eedi...\" data-submit-text=\"Li\u00ean h\u1ec7 v\u1edbi ch\u00fang t\u00f4i\" aria-live=\"assertive\" value=\"wpforms-submit\">Li\u00ean h\u1ec7 v\u1edbi ch\u00fang t\u00f4i<\/button><img decoding=\"async\" src=\"https:\/\/testing.thanglong-jsc.com\/wp-content\/plugins\/wpforms\/assets\/images\/submit-spin.svg\" class=\"wpforms-submit-spinner\" style=\"display: none;\" width=\"26\" height=\"26\" alt=\"Loading\"><\/div><\/form><\/div>  <!-- .wpforms-container -->\t\t\t\t<\/div>\n\t\t\t\t<\/div>\n\t\t\t\t<\/div>\n\t\t<div class=\"elementor-element elementor-element-a8a3f3f e-con-full e-flex e-con e-child\" data-id=\"a8a3f3f\" data-element_type=\"container\">\n\t\t\t\t<div class=\"elementor-element elementor-element-7eccd61 elementor-widget elementor-widget-heading\" data-id=\"7eccd61\" data-element_type=\"widget\" data-widget_type=\"heading.default\">\n\t\t\t\t\t<h2 class=\"elementor-heading-title elementor-size-default\">Li\u00ean h\u1ec7 c\u00f9ng Th\u0103ng Long<\/h2>\t\t\t\t<\/div>\n\t\t<div class=\"elementor-element elementor-element-10ed8aa e-con-full e-flex e-con e-child\" data-id=\"10ed8aa\" data-element_type=\"container\">\n\t\t\t\t<div class=\"elementor-element elementor-element-2be147a elementor-widget elementor-widget-heading\" data-id=\"2be147a\" data-element_type=\"widget\" data-widget_type=\"heading.default\">\n\t\t\t\t\t<h2 class=\"elementor-heading-title elementor-size-default\">Tr\u1ee5 s\u1edf ch\u00ednh<\/h2>\t\t\t\t<\/div>\n\t\t\t\t<div class=\"elementor-element elementor-element-2f0edfb elementor-widget elementor-widget-text-editor\" data-id=\"2f0edfb\" data-element_type=\"widget\" data-widget_type=\"text-editor.default\">\n\t\t\t\t\t\t\t\t\t<p>\u0110\u1ecba \u0111i\u1ec3m: 337A, ph\u1ed1 Hu\u1ebf, Ph\u01b0\u1eddng Ph\u1ed1 Hu\u1ebf, Hai B\u00e0 Tr\u01b0ng, TP. H\u00e0 N\u1ed9i.<\/p>\t\t\t\t\t\t\t\t<\/div>\n\t\t\t\t<\/div>\n\t\t<div class=\"elementor-element elementor-element-c81bd50 e-con-full e-flex e-con e-child\" data-id=\"c81bd50\" data-element_type=\"container\">\n\t\t\t\t<div class=\"elementor-element elementor-element-8e732b3 elementor-widget elementor-widget-heading\" data-id=\"8e732b3\" data-element_type=\"widget\" data-widget_type=\"heading.default\">\n\t\t\t\t\t<h2 class=\"elementor-heading-title elementor-size-default\">V\u0103n ph\u00f2ng<\/h2>\t\t\t\t<\/div>\n\t\t\t\t<div class=\"elementor-element elementor-element-802f0b8 elementor-widget elementor-widget-text-editor\" data-id=\"802f0b8\" data-element_type=\"widget\" data-widget_type=\"text-editor.default\">\n\t\t\t\t\t\t\t\t\t<p>\u0110\u1ecba \u0111i\u1ec3m: S\u1ed1 nh\u00e0 60, ng\u00f5 9 L\u01b0\u01a1ng \u0110\u1ecbnh C\u1ee7a, P. Kim Li\u00ean, Q. \u0110\u1ed1ng \u0110a, H\u00e0 N\u1ed9i.<\/p>\t\t\t\t\t\t\t\t<\/div>\n\t\t\t\t<\/div>\n\t\t<div class=\"elementor-element elementor-element-7ba2fe5 e-con-full e-flex e-con e-child\" data-id=\"7ba2fe5\" data-element_type=\"container\">\n\t\t\t\t<div class=\"elementor-element elementor-element-6798319 elementor-widget elementor-widget-heading\" data-id=\"6798319\" data-element_type=\"widget\" data-widget_type=\"heading.default\">\n\t\t\t\t\t<h2 class=\"elementor-heading-title elementor-size-default\">Showroom n\u1ed9i th\u1ea5t Hera Lavish s\u1ed1 1<\/h2>\t\t\t\t<\/div>\n\t\t\t\t<div class=\"elementor-element elementor-element-65c7f2f elementor-widget elementor-widget-text-editor\" data-id=\"65c7f2f\" data-element_type=\"widget\" data-widget_type=\"text-editor.default\">\n\t\t\t\t\t\t\t\t\t<p>S\u1ed1 nh\u00e0 17, \u0111\u01b0\u1eddng M\u00f9a H\u1ea1, Khu \u0111\u00f4 th\u1ecb m\u1edbi An L\u1ea1c Green Symphony, An Kh\u00e1nh, Ho\u00e0i \u0110\u1ee9c, H\u00e0 N\u1ed9i<\/p>\t\t\t\t\t\t\t\t<\/div>\n\t\t<div class=\"elementor-element elementor-element-c8bbecd e-con-full e-flex e-con e-child\" data-id=\"c8bbecd\" data-element_type=\"container\" data-settings=\"{&quot;background_background&quot;:&quot;classic&quot;}\">\n\t\t<div class=\"elementor-element elementor-element-aa60c46 e-con-full e-flex e-con e-child\" data-id=\"aa60c46\" data-element_type=\"container\">\n\t\t\t\t<div class=\"elementor-element elementor-element-25ccd0b elementor-widget elementor-widget-heading\" data-id=\"25ccd0b\" data-element_type=\"widget\" data-widget_type=\"heading.default\">\n\t\t\t\t\t<h2 class=\"elementor-heading-title elementor-size-default\">S\u1ed1 \u0111i\u1ec7n tho\u1ea1i<\/h2>\t\t\t\t<\/div>\n\t\t\t\t<div class=\"elementor-element elementor-element-797de1e elementor-widget elementor-widget-text-editor\" data-id=\"797de1e\" data-element_type=\"widget\" data-widget_type=\"text-editor.default\">\n\t\t\t\t\t\t\t\t\t<p>S\u0110T: (+84) 96 895 95 1<br \/>Hotline: (+84) 968 959 5199<\/p>\t\t\t\t\t\t\t\t<\/div>\n\t\t\t\t<\/div>\n\t\t<div class=\"elementor-element elementor-element-74c4d34 e-con-full e-flex e-con e-child\" data-id=\"74c4d34\" data-element_type=\"container\">\n\t\t\t\t<div class=\"elementor-element elementor-element-4b5b609 elementor-widget elementor-widget-heading\" data-id=\"4b5b609\" data-element_type=\"widget\" data-widget_type=\"heading.default\">\n\t\t\t\t\t<h2 class=\"elementor-heading-title elementor-size-default\">Email<\/h2>\t\t\t\t<\/div>\n\t\t\t\t<div class=\"elementor-element elementor-element-c0ab7df elementor-widget elementor-widget-text-editor\" data-id=\"c0ab7df\" data-element_type=\"widget\" data-widget_type=\"text-editor.default\">\n\t\t\t\t\t\t\t\t\t<p><span style=\"white-space-collapse: preserve;\">contact@thanglong-jsc.com<\/span><\/p>\t\t\t\t\t\t\t\t<\/div>\n\t\t\t\t<\/div>\n\t\t\t\t<\/div>\n\t\t\t\t<\/div>\n\t\t\t\t<\/div>\n\t\t\t\t\t<\/div>\n\t\t\t\t<\/div>\n\t\t<div class=\"elementor-element elementor-element-f187eb2 e-flex e-con-boxed e-con e-parent\" data-id=\"f187eb2\" data-element_type=\"container\" data-settings=\"{&quot;background_background&quot;:&quot;classic&quot;}\">\n\t\t\t\t\t<div class=\"e-con-inner\">\n\t\t\t\t<div class=\"elementor-element elementor-element-8b21d5b elementor-widget elementor-widget-heading\" data-id=\"8b21d5b\" data-element_type=\"widget\" data-widget_type=\"heading.default\">\n\t\t\t\t\t<h2 class=\"elementor-heading-title elementor-size-default\">N\u00f3i cho ch\u00fang t\u00f4i v\u1ec1 d\u1ef1 \u00e1n\nm\u1edbi c\u1ee7a b\u1ea1n<\/h2>\t\t\t\t<\/div>\n\t\t<div class=\"elementor-element elementor-element-3d3ebbc e-con-full e-flex e-con e-child\" data-id=\"3d3ebbc\" data-element_type=\"container\">\n\t\t\t\t<div class=\"elementor-element elementor-element-20939c2 elementor-align-center elementor-widget elementor-widget-button\" data-id=\"20939c2\" data-element_type=\"widget\" data-widget_type=\"button.default\">\n\t\t\t\t\t\t\t\t\t\t<a class=\"elementor-button elementor-button-link elementor-size-sm\" href=\"tel:(+84)%2096%20895%2095%2019\">\n\t\t\t\t\t\t<span class=\"elementor-button-content-wrapper\">\n\t\t\t\t\t\t<span class=\"elementor-button-icon\">\n\t\t\t\t<svg xmlns=\"http:\/\/www.w3.org\/2000\/svg\" width=\"40\" height=\"40\" viewBox=\"0 0 40 40\" fill=\"none\"><g clip-path=\"url(#clip0_2054_10820)\"><path d=\"M0 20C0 8.95431 8.95431 0 20 0C31.0457 0 40 8.95431 40 20C40 31.0457 31.0457 40 20 40C8.95431 40 0 31.0457 0 20Z\" fill=\"#3CABE1\"><\/path><path d=\"M29.97 26.33C29.97 26.69 29.89 27.06 29.72 27.42C29.55 27.78 29.33 28.12 29.04 28.44C28.55 28.98 28.01 29.37 27.4 29.62C26.8 29.87 26.15 30 25.45 30C24.43 30 23.34 29.76 22.19 29.27C21.04 28.78 19.89 28.12 18.75 27.29C17.6 26.45 16.51 25.52 15.47 24.49C14.44 23.45 13.51 22.36 12.68 21.22C11.86 20.08 11.2 18.94 10.72 17.81C10.24 16.67 10 15.58 10 14.54C10 13.86 10.12 13.21 10.36 12.61C10.6 12 10.98 11.44 11.51 10.94C12.15 10.31 12.85 10 13.59 10C13.87 10 14.15 10.06 14.4 10.18C14.66 10.3 14.89 10.48 15.07 10.74L17.39 14.01C17.57 14.26 17.7 14.49 17.79 14.71C17.88 14.92 17.93 15.13 17.93 15.32C17.93 15.56 17.86 15.8 17.72 16.03C17.59 16.26 17.4 16.5 17.16 16.74L16.4 17.53C16.29 17.64 16.24 17.77 16.24 17.93C16.24 18.01 16.25 18.08 16.27 18.16C16.3 18.24 16.33 18.3 16.35 18.36C16.53 18.69 16.84 19.12 17.28 19.64C17.73 20.16 18.21 20.69 18.73 21.22C19.27 21.75 19.79 22.24 20.32 22.69C20.84 23.13 21.27 23.43 21.61 23.61C21.66 23.63 21.72 23.66 21.79 23.69C21.87 23.72 21.95 23.73 22.04 23.73C22.21 23.73 22.34 23.67 22.45 23.56L23.21 22.81C23.46 22.56 23.7 22.37 23.93 22.25C24.16 22.11 24.39 22.04 24.64 22.04C24.83 22.04 25.03 22.08 25.25 22.17C25.47 22.26 25.7 22.39 25.95 22.56L29.26 24.91C29.52 25.09 29.7 25.3 29.81 25.55C29.91 25.8 29.97 26.05 29.97 26.33Z\" stroke=\"white\" stroke-width=\"1.5\" stroke-miterlimit=\"10\"><\/path><path d=\"M26.5 17C26.5 16.4 26.03 15.48 25.33 14.73C24.69 14.04 23.84 13.5 23 13.5\" stroke=\"white\" stroke-width=\"1.5\" stroke-linecap=\"round\" stroke-linejoin=\"round\"><\/path><path d=\"M30 17C30 13.13 26.87 10 23 10\" stroke=\"white\" stroke-width=\"1.5\" stroke-linecap=\"round\" stroke-linejoin=\"round\"><\/path><\/g><defs><clipPath id=\"clip0_2054_10820\"><path d=\"M0 20C0 8.95431 8.95431 0 20 0C31.0457 0 40 8.95431 40 20C40 31.0457 31.0457 40 20 40C8.95431 40 0 31.0457 0 20Z\" fill=\"white\"><\/path><\/clipPath><\/defs><\/svg>\t\t\t<\/span>\n\t\t\t\t\t\t\t\t\t<span class=\"elementor-button-text\">(+84) 96 895 95 19<\/span>\n\t\t\t\t\t<\/span>\n\t\t\t\t\t<\/a>\n\t\t\t\t\t\t\t\t<\/div>\n\t\t\t\t<\/div>\n\t\t\t\t\t<\/div>\n\t\t\t\t<\/div>\n\t\t\t\t<\/div>\n\t\t","protected":false},"excerpt":{"rendered":"<p>K\u1ebft n\u1ed1i v\u1edbi ch\u00fang t\u00f4i Please enable JavaScript in your browser to complete this form.Please enable JavaScript in your browser to complete this form.Name *Email *Phone Comment or MessageL\u1eddi nh\u1eafn Li\u00ean h\u1ec7 v\u1edbi ch\u00fang t\u00f4i Li\u00ean h\u1ec7 c\u00f9ng Th\u0103ng Long Tr\u1ee5 s\u1edf ch\u00ednh \u0110\u1ecba \u0111i\u1ec3m: 337A, ph\u1ed1 Hu\u1ebf, Ph\u01b0\u1eddng Ph\u1ed1 Hu\u1ebf, Hai B\u00e0 Tr\u01b0ng, TP. [&hellip;]<\/p>\n","protected":false},"author":1,"featured_media":0,"parent":0,"menu_order":0,"comment_status":"closed","ping_status":"closed","template":"elementor_header_footer","meta":{"footnotes":""},"class_list":["post-364","page","type-page","status-publish","hentry"],"_links":{"self":[{"href":"https:\/\/testing.thanglong-jsc.com\/index.php\/wp-json\/wp\/v2\/pages\/364","targetHints":{"allow":["GET"]}}],"collection":[{"href":"https:\/\/testing.thanglong-jsc.com\/index.php\/wp-json\/wp\/v2\/pages"}],"about":[{"href":"https:\/\/testing.thanglong-jsc.com\/index.php\/wp-json\/wp\/v2\/types\/page"}],"author":[{"embeddable":true,"href":"https:\/\/testing.thanglong-jsc.com\/index.php\/wp-json\/wp\/v2\/users\/1"}],"replies":[{"embeddable":true,"href":"https:\/\/testing.thanglong-jsc.com\/index.php\/wp-json\/wp\/v2\/comments?post=364"}],"version-history":[{"count":28,"href":"https:\/\/testing.thanglong-jsc.com\/index.php\/wp-json\/wp\/v2\/pages\/364\/revisions"}],"predecessor-version":[{"id":1014,"href":"https:\/\/testing.thanglong-jsc.com\/index.php\/wp-json\/wp\/v2\/pages\/364\/revisions\/1014"}],"wp:attachment":[{"href":"https:\/\/testing.thanglong-jsc.com\/index.php\/wp-json\/wp\/v2\/media?parent=364"}],"curies":[{"name":"wp","href":"https:\/\/api.w.org\/{rel}","templated":true}]}}