{"id":457,"date":"2025-07-20T16:21:06","date_gmt":"2025-07-20T16:21:06","guid":{"rendered":"https:\/\/testing.thanglong-jsc.com\/?page_id=457"},"modified":"2025-07-21T03:42:20","modified_gmt":"2025-07-21T03:42:20","slug":"bai-viet","status":"publish","type":"page","link":"https:\/\/testing.thanglong-jsc.com\/index.php\/bai-viet\/","title":{"rendered":"B\u00e0i vi\u1ebft"},"content":{"rendered":"\t\t<div data-elementor-type=\"wp-page\" data-elementor-id=\"457\" class=\"elementor elementor-457\" data-elementor-post-type=\"page\">\n\t\t\t\t<div class=\"elementor-element elementor-element-0e1b7a5 e-flex e-con-boxed e-con e-parent\" data-id=\"0e1b7a5\" data-element_type=\"container\" data-settings=\"{&quot;background_background&quot;:&quot;classic&quot;}\">\n\t\t\t\t\t<div class=\"e-con-inner\">\n\t\t<div class=\"elementor-element elementor-element-503838b e-con-full e-flex e-con e-child\" data-id=\"503838b\" data-element_type=\"container\">\n\t\t\t\t<div class=\"elementor-element elementor-element-c2f09d3 elementor-widget elementor-widget-hfe-breadcrumbs-widget\" data-id=\"c2f09d3\" data-element_type=\"widget\" data-widget_type=\"hfe-breadcrumbs-widget.default\">\n\t\t\t\t<div class=\"elementor-widget-container\">\n\t\t\t\t\t<nav aria-label=\"Breadcrumb\"><ul class=\"hfe-breadcrumbs hfe-breadcrumbs-show-home\"><li class=\"hfe-breadcrumbs-item hfe-breadcrumbs-first\"><span class=\"hfe-breadcrumbs-home-icon\"><\/span><a href=\"https:\/\/testing.thanglong-jsc.com\"><span class=\"hfe-breadcrumbs-text\">Trang ch\u1ee7<\/span><\/a><\/li><\/ul><\/nav>\t\t\t\t<\/div>\n\t\t\t\t<\/div>\n\t\t\t\t<\/div>\n\t\t<div class=\"elementor-element elementor-element-ff2f0ad e-con-full e-flex e-con e-child\" data-id=\"ff2f0ad\" data-element_type=\"container\">\n\t\t\t\t<div class=\"elementor-element elementor-element-cd70de3 elementor-widget elementor-widget-image\" data-id=\"cd70de3\" data-element_type=\"widget\" data-widget_type=\"image.default\">\n\t\t\t\t\t\t\t\t\t\t\t\t\t\t\t<img decoding=\"async\" width=\"216\" height=\"11\" src=\"https:\/\/testing.thanglong-jsc.com\/wp-content\/uploads\/2025\/07\/Rectangle-34627094.png\" class=\"attachment-large size-large wp-image-460\" alt=\"\" \/>\t\t\t\t\t\t\t\t\t\t\t\t\t\t\t<\/div>\n\t\t\t\t<\/div>\n\t\t\t\t\t<\/div>\n\t\t\t\t<\/div>\n\t\t<div class=\"elementor-element elementor-element-6472e6b e-flex e-con-boxed e-con e-parent\" data-id=\"6472e6b\" data-element_type=\"container\">\n\t\t\t\t\t<div class=\"e-con-inner\">\n\t\t\t\t<div class=\"elementor-element elementor-element-0e20323 elementor-grid-1 elementor-grid-tablet-2 elementor-grid-mobile-1 elementor-widget elementor-widget-loop-grid\" data-id=\"0e20323\" data-element_type=\"widget\" data-settings=\"{&quot;template_id&quot;:472,&quot;columns&quot;:1,&quot;_skin&quot;:&quot;post&quot;,&quot;columns_tablet&quot;:&quot;2&quot;,&quot;columns_mobile&quot;:&quot;1&quot;,&quot;edit_handle_selector&quot;:&quot;[data-elementor-type=\\&quot;loop-item\\&quot;]&quot;,&quot;row_gap&quot;:{&quot;unit&quot;:&quot;px&quot;,&quot;size&quot;:&quot;&quot;,&quot;sizes&quot;:[]},&quot;row_gap_tablet&quot;:{&quot;unit&quot;:&quot;px&quot;,&quot;size&quot;:&quot;&quot;,&quot;sizes&quot;:[]},&quot;row_gap_mobile&quot;:{&quot;unit&quot;:&quot;px&quot;,&quot;size&quot;:&quot;&quot;,&quot;sizes&quot;:[]}}\" data-widget_type=\"loop-grid.post\">\n\t\t\t\t\t\t\t<div class=\"elementor-loop-container elementor-grid\">\n\t\t<style id=\"loop-472\">.elementor-472 .elementor-element.elementor-element-cd754a1{--display:flex;--flex-direction:row;--container-widget-width:initial;--container-widget-height:100%;--container-widget-flex-grow:1;--container-widget-align-self:stretch;--flex-wrap-mobile:wrap;--padding-top:0px;--padding-bottom:0px;--padding-left:0px;--padding-right:0px;}.elementor-472 .elementor-element.elementor-element-b238973{--display:flex;--padding-top:0px;--padding-bottom:0px;--padding-left:0px;--padding-right:0px;}.elementor-widget-image .widget-image-caption{color:var( --e-global-color-text );font-family:var( --e-global-typography-text-font-family ), Sans-serif;font-weight:var( --e-global-typography-text-font-weight );}.elementor-472 .elementor-element.elementor-element-37c1f53 img{transition-duration:0.7s;}.elementor-472 .elementor-element.elementor-element-6e71f9a{--display:flex;--justify-content:center;--gap:0px 0px;--row-gap:0px;--column-gap:0px;--padding-top:0px;--padding-bottom:0px;--padding-left:0px;--padding-right:0px;}.elementor-widget-post-info .elementor-icon-list-item:not(:last-child):after{border-color:var( --e-global-color-text );}.elementor-widget-post-info .elementor-icon-list-icon i{color:var( --e-global-color-primary );}.elementor-widget-post-info .elementor-icon-list-icon svg{fill:var( --e-global-color-primary );}.elementor-widget-post-info .elementor-icon-list-text, .elementor-widget-post-info .elementor-icon-list-text a{color:var( --e-global-color-secondary );}.elementor-widget-post-info .elementor-icon-list-item{font-family:var( --e-global-typography-text-font-family ), Sans-serif;font-weight:var( --e-global-typography-text-font-weight );}.elementor-472 .elementor-element.elementor-element-a2664ac .elementor-icon-list-icon i{color:#0E0F1124;font-size:8px;}.elementor-472 .elementor-element.elementor-element-a2664ac .elementor-icon-list-icon svg{fill:#0E0F1124;--e-icon-list-icon-size:8px;}.elementor-472 .elementor-element.elementor-element-a2664ac .elementor-icon-list-icon{width:8px;}.elementor-472 .elementor-element.elementor-element-a2664ac .elementor-icon-list-item{font-family:\"Inter\", Sans-serif;font-size:14px;font-weight:400;}.elementor-widget-divider{--divider-color:var( --e-global-color-secondary );}.elementor-widget-divider .elementor-divider__text{color:var( --e-global-color-secondary );font-family:var( --e-global-typography-secondary-font-family ), Sans-serif;font-weight:var( --e-global-typography-secondary-font-weight );}.elementor-widget-divider.elementor-view-stacked .elementor-icon{background-color:var( --e-global-color-secondary );}.elementor-widget-divider.elementor-view-framed .elementor-icon, .elementor-widget-divider.elementor-view-default .elementor-icon{color:var( --e-global-color-secondary );border-color:var( --e-global-color-secondary );}.elementor-widget-divider.elementor-view-framed .elementor-icon, .elementor-widget-divider.elementor-view-default .elementor-icon svg{fill:var( --e-global-color-secondary );}.elementor-472 .elementor-element.elementor-element-8b906d4{--divider-border-style:solid;--divider-color:#DADEE5;--divider-border-width:1px;}.elementor-472 .elementor-element.elementor-element-8b906d4 .elementor-divider-separator{width:100%;}.elementor-472 .elementor-element.elementor-element-8b906d4 .elementor-divider{padding-block-start:15px;padding-block-end:15px;}.elementor-widget-theme-post-title .elementor-heading-title{font-family:var( --e-global-typography-primary-font-family ), Sans-serif;font-weight:var( --e-global-typography-primary-font-weight );color:var( --e-global-color-primary );}.elementor-472 .elementor-element.elementor-element-37bc413{padding:15px 0px 20px 0px;}.elementor-472 .elementor-element.elementor-element-37bc413 .elementor-heading-title{font-family:\"Inter\", Sans-serif;font-size:24px;font-weight:600;text-decoration:none;line-height:32px;color:var( --e-global-color-23102a2 );}.elementor-472 .elementor-element.elementor-element-37bc413 .elementor-heading-title a:hover, .elementor-472 .elementor-element.elementor-element-37bc413 .elementor-heading-title a:focus{color:var( --e-global-color-primary );}.elementor-widget-theme-post-excerpt{color:var( --e-global-color-text );font-family:var( --e-global-typography-text-font-family ), Sans-serif;font-weight:var( --e-global-typography-text-font-weight );}.elementor-472 .elementor-element.elementor-element-57e68e0{font-family:\"Inter\", Sans-serif;font-size:16px;font-weight:400;}\/* Start custom CSS for container, class: .elementor-element-b238973 *\/.elementor-472 .elementor-element.elementor-element-b238973 {\n    overflow: hidden\n}\/* End custom CSS *\/\n\/* Start custom CSS for theme-post-title, class: .elementor-element-37bc413 *\/.elementor-472 .elementor-element.elementor-element-37bc413 {\n    a {\n        text-decoration: none;\n    }\n}\/* End custom CSS *\/<\/style>\t\t<div data-elementor-type=\"loop-item\" data-elementor-id=\"472\" class=\"elementor elementor-472 e-loop-item e-loop-item-226 post-226 post type-post status-publish format-standard has-post-thumbnail hentry category-su-kien category-tin-tuc\" data-elementor-post-type=\"elementor_library\" data-custom-edit-handle=\"1\">\n\t\t\t<div class=\"elementor-element elementor-element-cd754a1 e-flex e-con-boxed e-con e-parent\" data-id=\"cd754a1\" data-element_type=\"container\">\n\t\t\t\t\t<div class=\"e-con-inner\">\n\t\t<div class=\"elementor-element elementor-element-b238973 e-con-full e-flex e-con e-child\" data-id=\"b238973\" data-element_type=\"container\">\n\t\t\t\t<div class=\"elementor-element elementor-element-37c1f53 elementor-widget elementor-widget-image\" data-id=\"37c1f53\" data-element_type=\"widget\" data-widget_type=\"image.default\">\n\t\t\t\t\t\t\t\t\t\t\t\t\t\t\t\t<a href=\"https:\/\/testing.thanglong-jsc.com\/index.php\/2025\/07\/20\/lua-chon-may-phat-dien-cho-toa-nha-cao-tang-nhung-luu-y-quan-trong-tu-thang-long\/\">\n\t\t\t\t\t\t\t<img fetchpriority=\"high\" decoding=\"async\" width=\"800\" height=\"507\" src=\"https:\/\/testing.thanglong-jsc.com\/wp-content\/uploads\/2025\/07\/image-2-1024x649.png\" class=\"elementor-animation-grow attachment-large size-large wp-image-224\" alt=\"\" srcset=\"https:\/\/testing.thanglong-jsc.com\/wp-content\/uploads\/2025\/07\/image-2-1024x649.png 1024w, https:\/\/testing.thanglong-jsc.com\/wp-content\/uploads\/2025\/07\/image-2-300x190.png 300w, https:\/\/testing.thanglong-jsc.com\/wp-content\/uploads\/2025\/07\/image-2-768x487.png 768w, https:\/\/testing.thanglong-jsc.com\/wp-content\/uploads\/2025\/07\/image-2-1536x974.png 1536w, https:\/\/testing.thanglong-jsc.com\/wp-content\/uploads\/2025\/07\/image-2-2048x1298.png 2048w\" sizes=\"(max-width: 800px) 100vw, 800px\" \/>\t\t\t\t\t\t\t\t<\/a>\n\t\t\t\t\t\t\t\t\t\t\t\t\t\t\t<\/div>\n\t\t\t\t<\/div>\n\t\t<div class=\"elementor-element elementor-element-6e71f9a e-con-full e-flex e-con e-child\" data-id=\"6e71f9a\" data-element_type=\"container\">\n\t\t\t\t<div class=\"elementor-element elementor-element-a2664ac elementor-widget elementor-widget-post-info\" data-id=\"a2664ac\" data-element_type=\"widget\" data-widget_type=\"post-info.default\">\n\t\t\t\t\t\t\t<ul class=\"elementor-inline-items elementor-icon-list-items elementor-post-info\">\n\t\t\t\t\t\t\t\t<li class=\"elementor-icon-list-item elementor-repeater-item-867a96b elementor-inline-item\" itemprop=\"datePublished\">\n\t\t\t\t\t\t\t\t\t\t<span class=\"elementor-icon-list-icon\">\n\t\t\t\t\t\t\t\t<svg aria-hidden=\"true\" class=\"e-font-icon-svg e-fas-dot-circle\" viewBox=\"0 0 512 512\" xmlns=\"http:\/\/www.w3.org\/2000\/svg\"><path d=\"M256 8C119.033 8 8 119.033 8 256s111.033 248 248 248 248-111.033 248-248S392.967 8 256 8zm80 248c0 44.112-35.888 80-80 80s-80-35.888-80-80 35.888-80 80-80 80 35.888 80 80z\"><\/path><\/svg>\t\t\t\t\t\t\t<\/span>\n\t\t\t\t\t\t\t\t\t<span class=\"elementor-icon-list-text elementor-post-info__item elementor-post-info__item--type-date\">\n\t\t\t\t\t\t\t\t\t\t<time>Th\u00e1ng 07, 2025<\/time>\t\t\t\t\t<\/span>\n\t\t\t\t\t\t\t\t<\/li>\n\t\t\t\t<li class=\"elementor-icon-list-item elementor-repeater-item-9f2a85e elementor-inline-item\" itemprop=\"about\">\n\t\t\t\t\t\t\t\t\t\t<span class=\"elementor-icon-list-icon\">\n\t\t\t\t\t\t\t\t<svg aria-hidden=\"true\" class=\"e-font-icon-svg e-fas-tags\" viewBox=\"0 0 640 512\" xmlns=\"http:\/\/www.w3.org\/2000\/svg\"><path d=\"M497.941 225.941L286.059 14.059A48 48 0 0 0 252.118 0H48C21.49 0 0 21.49 0 48v204.118a48 48 0 0 0 14.059 33.941l211.882 211.882c18.744 18.745 49.136 18.746 67.882 0l204.118-204.118c18.745-18.745 18.745-49.137 0-67.882zM112 160c-26.51 0-48-21.49-48-48s21.49-48 48-48 48 21.49 48 48-21.49 48-48 48zm513.941 133.823L421.823 497.941c-18.745 18.745-49.137 18.745-67.882 0l-.36-.36L527.64 323.522c16.999-16.999 26.36-39.6 26.36-63.64s-9.362-46.641-26.36-63.64L331.397 0h48.721a48 48 0 0 1 33.941 14.059l211.882 211.882c18.745 18.745 18.745 49.137 0 67.882z\"><\/path><\/svg>\t\t\t\t\t\t\t<\/span>\n\t\t\t\t\t\t\t\t\t<span class=\"elementor-icon-list-text elementor-post-info__item elementor-post-info__item--type-terms\">\n\t\t\t\t\t\t\t\t\t\t<span class=\"elementor-post-info__terms-list\">\n\t\t\t\t<span class=\"elementor-post-info__terms-list-item\">S\u1ef1 ki\u1ec7n<\/span>, <span class=\"elementor-post-info__terms-list-item\">Tin t\u1ee9c<\/span>\t\t\t\t<\/span>\n\t\t\t\t\t<\/span>\n\t\t\t\t\t\t\t\t<\/li>\n\t\t\t\t<\/ul>\n\t\t\t\t\t\t<\/div>\n\t\t\t\t<div class=\"elementor-element elementor-element-8b906d4 elementor-widget-divider--view-line elementor-widget elementor-widget-divider\" data-id=\"8b906d4\" data-element_type=\"widget\" data-widget_type=\"divider.default\">\n\t\t\t\t\t\t\t<div class=\"elementor-divider\">\n\t\t\t<span class=\"elementor-divider-separator\">\n\t\t\t\t\t\t<\/span>\n\t\t<\/div>\n\t\t\t\t\t\t<\/div>\n\t\t\t\t<div class=\"elementor-element elementor-element-37bc413 elementor-widget elementor-widget-theme-post-title elementor-page-title elementor-widget-heading\" data-id=\"37bc413\" data-element_type=\"widget\" data-widget_type=\"theme-post-title.default\">\n\t\t\t\t\t<h1 class=\"elementor-heading-title elementor-size-default\"><a href=\"https:\/\/testing.thanglong-jsc.com\/index.php\/2025\/07\/20\/lua-chon-may-phat-dien-cho-toa-nha-cao-tang-nhung-luu-y-quan-trong-tu-thang-long\/\">L\u1ef1a Ch\u1ecdn M\u00e1y Ph\u00e1t \u0110i\u1ec7n Cho T\u00f2a Nh\u00e0 Cao T\u1ea7ng &#8211; Nh\u1eefng L\u01b0u \u00dd Quan Tr\u1ecdng T\u1eeb Th\u0103ng Long<\/a><\/h1>\t\t\t\t<\/div>\n\t\t\t\t<div class=\"elementor-element elementor-element-57e68e0 elementor-widget elementor-widget-theme-post-excerpt\" data-id=\"57e68e0\" data-element_type=\"widget\" data-widget_type=\"theme-post-excerpt.default\">\n\t\t\t\t\tVi\u1ec7c l\u1ef1a ch\u1ecdn m\u00e1y ph\u00e1t \u0111i\u1ec7n cho t\u00f2a nh\u00e0 cao t\u1ea7ng \u0111\u00f2i h\u1ecfi s\u1ef1 c\u00e2n nh\u1eafc k\u1ef9 l\u01b0\u1ee1ng v\u1ec1 c\u00f4ng su\u1ea5t, \u0111\u1ed9 an to\u00e0n v\u00e0 kh\u1ea3 n\u0103ng v\u1eadn h\u00e0nh li\u00ean t\u1ee5c trong c\u00e1c t\u00ecnh hu\u1ed1ng kh\u1ea9n c\u1ea5p. B\u00e0i vi\u1ebft n\u00e0y..\t\t\t\t<\/div>\n\t\t\t\t<\/div>\n\t\t\t\t\t<\/div>\n\t\t\t\t<\/div>\n\t\t\t\t<\/div>\n\t\t\t\t<\/div>\n\t\t\n\t\t\t\t\t\t<\/div>\n\t\t\t\t\t<\/div>\n\t\t\t\t<\/div>\n\t\t<div class=\"elementor-element elementor-element-9b59784 e-flex e-con-boxed e-con e-child\" data-id=\"9b59784\" data-element_type=\"container\">\n\t\t\t\t\t<div class=\"e-con-inner\">\n\t\t<div class=\"elementor-element elementor-element-e6cc6ca e-con-full e-flex e-con e-child\" data-id=\"e6cc6ca\" data-element_type=\"container\">\n\t\t\t\t<div class=\"elementor-element elementor-element-1b0938c elementor-widget elementor-widget-heading\" data-id=\"1b0938c\" data-element_type=\"widget\" data-widget_type=\"heading.default\">\n\t\t\t\t\t<h2 class=\"elementor-heading-title elementor-size-default\">C\u00f3 th\u1ec3 b\u1ea1n quan t\u00e2m<\/h2>\t\t\t\t<\/div>\n\t\t\t\t<div class=\"elementor-element elementor-element-64633b5 elementor-widget__width-inherit elementor-grid-3 elementor-grid-tablet-2 elementor-grid-mobile-1 elementor-widget elementor-widget-loop-grid\" data-id=\"64633b5\" data-element_type=\"widget\" data-settings=\"{&quot;template_id&quot;:505,&quot;columns&quot;:3,&quot;pagination_type&quot;:&quot;numbers&quot;,&quot;_skin&quot;:&quot;post&quot;,&quot;columns_tablet&quot;:&quot;2&quot;,&quot;columns_mobile&quot;:&quot;1&quot;,&quot;edit_handle_selector&quot;:&quot;[data-elementor-type=\\&quot;loop-item\\&quot;]&quot;,&quot;pagination_load_type&quot;:&quot;page_reload&quot;,&quot;row_gap&quot;:{&quot;unit&quot;:&quot;px&quot;,&quot;size&quot;:&quot;&quot;,&quot;sizes&quot;:[]},&quot;row_gap_tablet&quot;:{&quot;unit&quot;:&quot;px&quot;,&quot;size&quot;:&quot;&quot;,&quot;sizes&quot;:[]},&quot;row_gap_mobile&quot;:{&quot;unit&quot;:&quot;px&quot;,&quot;size&quot;:&quot;&quot;,&quot;sizes&quot;:[]}}\" data-widget_type=\"loop-grid.post\">\n\t\t\t\t\t\t\t<div class=\"elementor-loop-container elementor-grid\">\n\t\t<style id=\"loop-505\">.elementor-505 .elementor-element.elementor-element-3a1264e{--display:flex;--flex-direction:column;--container-widget-width:100%;--container-widget-height:initial;--container-widget-flex-grow:0;--container-widget-align-self:initial;--flex-wrap-mobile:wrap;--padding-top:0px;--padding-bottom:0px;--padding-left:0px;--padding-right:0px;}.elementor-505 .elementor-element.elementor-element-5df4dd7{--display:flex;--padding-top:0px;--padding-bottom:0px;--padding-left:0px;--padding-right:0px;}.elementor-widget-image .widget-image-caption{color:var( --e-global-color-text );font-family:var( --e-global-typography-text-font-family ), Sans-serif;font-weight:var( --e-global-typography-text-font-weight );}.elementor-505 .elementor-element.elementor-element-e4a3bb2 img{transition-duration:0.7s;}.elementor-505 .elementor-element.elementor-element-fffc598{--display:flex;--padding-top:0px;--padding-bottom:0px;--padding-left:0px;--padding-right:0px;}.elementor-widget-theme-post-title .elementor-heading-title{font-family:var( --e-global-typography-primary-font-family ), Sans-serif;font-weight:var( --e-global-typography-primary-font-weight );color:var( --e-global-color-primary );}.elementor-505 .elementor-element.elementor-element-b6eecfb .elementor-heading-title{font-family:\"Inter\", Sans-serif;font-size:22px;font-weight:600;line-height:26px;color:var( --e-global-color-23102a2 );}.elementor-505 .elementor-element.elementor-element-b6eecfb .elementor-heading-title a:hover, .elementor-505 .elementor-element.elementor-element-b6eecfb .elementor-heading-title a:focus{color:var( --e-global-color-primary );}.elementor-widget-theme-post-excerpt{color:var( --e-global-color-text );font-family:var( --e-global-typography-text-font-family ), Sans-serif;font-weight:var( --e-global-typography-text-font-weight );}.elementor-505 .elementor-element.elementor-element-63edb76{font-family:\"Inter\", Sans-serif;font-size:16px;font-weight:400;}\/* Start custom CSS for container, class: .elementor-element-5df4dd7 *\/.elementor-505 .elementor-element.elementor-element-5df4dd7 {\n    overflow: hidden;\n}\/* End custom CSS *\/\n\/* Start custom CSS for theme-post-title, class: .elementor-element-b6eecfb *\/.elementor-505 .elementor-element.elementor-element-b6eecfb {\n    a {\n        text-decoration: none;\n    }\n}\/* End custom CSS *\/<\/style>\t\t<div data-elementor-type=\"loop-item\" data-elementor-id=\"505\" class=\"elementor elementor-505 e-loop-item e-loop-item-226 post-226 post type-post status-publish format-standard has-post-thumbnail hentry category-su-kien category-tin-tuc\" data-elementor-post-type=\"elementor_library\" data-custom-edit-handle=\"1\">\n\t\t\t<div class=\"elementor-element elementor-element-3a1264e e-flex e-con-boxed e-con e-parent\" data-id=\"3a1264e\" data-element_type=\"container\">\n\t\t\t\t\t<div class=\"e-con-inner\">\n\t\t<div class=\"elementor-element elementor-element-5df4dd7 e-con-full e-flex e-con e-child\" data-id=\"5df4dd7\" data-element_type=\"container\">\n\t\t\t\t<div class=\"elementor-element elementor-element-e4a3bb2 elementor-widget elementor-widget-image\" data-id=\"e4a3bb2\" data-element_type=\"widget\" data-widget_type=\"image.default\">\n\t\t\t\t\t\t\t\t\t\t\t\t\t\t\t\t<a href=\"https:\/\/testing.thanglong-jsc.com\/index.php\/2025\/07\/20\/lua-chon-may-phat-dien-cho-toa-nha-cao-tang-nhung-luu-y-quan-trong-tu-thang-long\/\">\n\t\t\t\t\t\t\t<img fetchpriority=\"high\" decoding=\"async\" width=\"800\" height=\"507\" src=\"https:\/\/testing.thanglong-jsc.com\/wp-content\/uploads\/2025\/07\/image-2-1024x649.png\" class=\"elementor-animation-grow attachment-large size-large wp-image-224\" alt=\"\" srcset=\"https:\/\/testing.thanglong-jsc.com\/wp-content\/uploads\/2025\/07\/image-2-1024x649.png 1024w, https:\/\/testing.thanglong-jsc.com\/wp-content\/uploads\/2025\/07\/image-2-300x190.png 300w, https:\/\/testing.thanglong-jsc.com\/wp-content\/uploads\/2025\/07\/image-2-768x487.png 768w, https:\/\/testing.thanglong-jsc.com\/wp-content\/uploads\/2025\/07\/image-2-1536x974.png 1536w, https:\/\/testing.thanglong-jsc.com\/wp-content\/uploads\/2025\/07\/image-2-2048x1298.png 2048w\" sizes=\"(max-width: 800px) 100vw, 800px\" \/>\t\t\t\t\t\t\t\t<\/a>\n\t\t\t\t\t\t\t\t\t\t\t\t\t\t\t<\/div>\n\t\t\t\t<\/div>\n\t\t<div class=\"elementor-element elementor-element-fffc598 e-con-full e-flex e-con e-child\" data-id=\"fffc598\" data-element_type=\"container\">\n\t\t\t\t<div class=\"elementor-element elementor-element-b6eecfb elementor-widget elementor-widget-theme-post-title elementor-page-title elementor-widget-heading\" data-id=\"b6eecfb\" data-element_type=\"widget\" data-widget_type=\"theme-post-title.default\">\n\t\t\t\t\t<h1 class=\"elementor-heading-title elementor-size-default\"><a href=\"https:\/\/testing.thanglong-jsc.com\/index.php\/2025\/07\/20\/lua-chon-may-phat-dien-cho-toa-nha-cao-tang-nhung-luu-y-quan-trong-tu-thang-long\/\">L\u1ef1a Ch\u1ecdn M\u00e1y Ph\u00e1t \u0110i\u1ec7n Cho T\u00f2a Nh\u00e0 Cao T\u1ea7ng &#8211; Nh\u1eefng L\u01b0u \u00dd Quan Tr\u1ecdng T\u1eeb Th\u0103ng Long<\/a><\/h1>\t\t\t\t<\/div>\n\t\t\t\t<div class=\"elementor-element elementor-element-63edb76 elementor-widget elementor-widget-theme-post-excerpt\" data-id=\"63edb76\" data-element_type=\"widget\" data-widget_type=\"theme-post-excerpt.default\">\n\t\t\t\t\tVi\u1ec7c l\u1ef1a ch\u1ecdn m\u00e1y ph\u00e1t \u0111i\u1ec7n cho t\u00f2a nh\u00e0 cao t\u1ea7ng \u0111\u00f2i h\u1ecfi s\u1ef1 c\u00e2n nh\u1eafc k\u1ef9 l\u01b0\u1ee1ng v\u1ec1 c\u00f4ng su\u1ea5t, \u0111\u1ed9 an to\u00e0n v\u00e0 kh\u1ea3 n\u0103ng v\u1eadn h\u00e0nh li\u00ean..\t\t\t\t<\/div>\n\t\t\t\t<\/div>\n\t\t\t\t\t<\/div>\n\t\t\t\t<\/div>\n\t\t\t\t<\/div>\n\t\t\t\t<div data-elementor-type=\"loop-item\" data-elementor-id=\"505\" class=\"elementor elementor-505 e-loop-item e-loop-item-222 post-222 post type-post status-publish format-standard has-post-thumbnail hentry category-su-kien category-tin-tuc\" data-elementor-post-type=\"elementor_library\" data-custom-edit-handle=\"1\">\n\t\t\t<div class=\"elementor-element elementor-element-3a1264e e-flex e-con-boxed e-con e-parent\" data-id=\"3a1264e\" data-element_type=\"container\">\n\t\t\t\t\t<div class=\"e-con-inner\">\n\t\t<div class=\"elementor-element elementor-element-5df4dd7 e-con-full e-flex e-con e-child\" data-id=\"5df4dd7\" data-element_type=\"container\">\n\t\t\t\t<div class=\"elementor-element elementor-element-e4a3bb2 elementor-widget elementor-widget-image\" data-id=\"e4a3bb2\" data-element_type=\"widget\" data-widget_type=\"image.default\">\n\t\t\t\t\t\t\t\t\t\t\t\t\t\t\t\t<a href=\"https:\/\/testing.thanglong-jsc.com\/index.php\/2025\/07\/20\/thang-long-doi-tac-cntt-toan-dien-kien-tao-tuong-lai-so\/\">\n\t\t\t\t\t\t\t<img decoding=\"async\" width=\"800\" height=\"507\" src=\"https:\/\/testing.thanglong-jsc.com\/wp-content\/uploads\/2025\/07\/image-1-1024x649.png\" class=\"elementor-animation-grow attachment-large size-large wp-image-223\" alt=\"\" srcset=\"https:\/\/testing.thanglong-jsc.com\/wp-content\/uploads\/2025\/07\/image-1-1024x649.png 1024w, https:\/\/testing.thanglong-jsc.com\/wp-content\/uploads\/2025\/07\/image-1-300x190.png 300w, https:\/\/testing.thanglong-jsc.com\/wp-content\/uploads\/2025\/07\/image-1-768x487.png 768w, https:\/\/testing.thanglong-jsc.com\/wp-content\/uploads\/2025\/07\/image-1-1536x974.png 1536w, https:\/\/testing.thanglong-jsc.com\/wp-content\/uploads\/2025\/07\/image-1.png 1946w\" sizes=\"(max-width: 800px) 100vw, 800px\" \/>\t\t\t\t\t\t\t\t<\/a>\n\t\t\t\t\t\t\t\t\t\t\t\t\t\t\t<\/div>\n\t\t\t\t<\/div>\n\t\t<div class=\"elementor-element elementor-element-fffc598 e-con-full e-flex e-con e-child\" data-id=\"fffc598\" data-element_type=\"container\">\n\t\t\t\t<div class=\"elementor-element elementor-element-b6eecfb elementor-widget elementor-widget-theme-post-title elementor-page-title elementor-widget-heading\" data-id=\"b6eecfb\" data-element_type=\"widget\" data-widget_type=\"theme-post-title.default\">\n\t\t\t\t\t<h1 class=\"elementor-heading-title elementor-size-default\"><a href=\"https:\/\/testing.thanglong-jsc.com\/index.php\/2025\/07\/20\/thang-long-doi-tac-cntt-toan-dien-kien-tao-tuong-lai-so\/\">Th\u0103ng Long &#8211; \u0110\u1ed1i T\u00e1c CNTT To\u00e0n Di\u1ec7n, Ki\u1ebfn T\u1ea1o T\u01b0\u01a1ng Lai S\u1ed1<\/a><\/h1>\t\t\t\t<\/div>\n\t\t\t\t<div class=\"elementor-element elementor-element-63edb76 elementor-widget elementor-widget-theme-post-excerpt\" data-id=\"63edb76\" data-element_type=\"widget\" data-widget_type=\"theme-post-excerpt.default\">\n\t\t\t\t\tTh\u0103ng Long t\u1ef1 h\u00e0o l\u00e0 \u0111\u1ed1i t\u00e1c CNTT to\u00e0n di\u1ec7n, \u0111\u1ed3ng h\u00e0nh c\u00f9ng doanh nghi\u1ec7p tr\u00ean h\u00e0nh tr\u00ecnh chuy\u1ec3n \u0111\u1ed5i s\u1ed1. V\u1edbi gi\u1ea3i ph\u00e1p c\u00f4ng ngh\u1ec7 t\u1ed1i \u01b0u, \u0111\u1ed9i ng\u0169..\t\t\t\t<\/div>\n\t\t\t\t<\/div>\n\t\t\t\t\t<\/div>\n\t\t\t\t<\/div>\n\t\t\t\t<\/div>\n\t\t\t\t<\/div>\n\t\t\n\t\t\t\t\t\t<\/div>\n\t\t\t\t<\/div>\n\t\t\t\t\t<\/div>\n\t\t\t\t<\/div>\n\t\t<div class=\"elementor-element elementor-element-dc986a4 e-flex e-con-boxed e-con e-parent\" data-id=\"dc986a4\" data-element_type=\"container\">\n\t\t\t\t\t<div class=\"e-con-inner\">\n\t\t\t\t<div class=\"elementor-element elementor-element-7454a5e elementor-widget elementor-widget-spacer\" data-id=\"7454a5e\" data-element_type=\"widget\" data-widget_type=\"spacer.default\">\n\t\t\t\t\t\t\t<div class=\"elementor-spacer\">\n\t\t\t<div class=\"elementor-spacer-inner\"><\/div>\n\t\t<\/div>\n\t\t\t\t\t\t<\/div>\n\t\t\t\t\t<\/div>\n\t\t\t\t<\/div>\n\t\t\t\t<\/div>\n\t\t","protected":false},"excerpt":{"rendered":"<p>Trang ch\u1ee7 C\u00f3 th\u1ec3 b\u1ea1n quan t\u00e2m<\/p>\n","protected":false},"author":1,"featured_media":462,"parent":0,"menu_order":0,"comment_status":"closed","ping_status":"closed","template":"elementor_header_footer","meta":{"footnotes":""},"class_list":["post-457","page","type-page","status-publish","has-post-thumbnail","hentry"],"_links":{"self":[{"href":"https:\/\/testing.thanglong-jsc.com\/index.php\/wp-json\/wp\/v2\/pages\/457","targetHints":{"allow":["GET"]}}],"collection":[{"href":"https:\/\/testing.thanglong-jsc.com\/index.php\/wp-json\/wp\/v2\/pages"}],"about":[{"href":"https:\/\/testing.thanglong-jsc.com\/index.php\/wp-json\/wp\/v2\/types\/page"}],"author":[{"embeddable":true,"href":"https:\/\/testing.thanglong-jsc.com\/index.php\/wp-json\/wp\/v2\/users\/1"}],"replies":[{"embeddable":true,"href":"https:\/\/testing.thanglong-jsc.com\/index.php\/wp-json\/wp\/v2\/comments?post=457"}],"version-history":[{"count":49,"href":"https:\/\/testing.thanglong-jsc.com\/index.php\/wp-json\/wp\/v2\/pages\/457\/revisions"}],"predecessor-version":[{"id":676,"href":"https:\/\/testing.thanglong-jsc.com\/index.php\/wp-json\/wp\/v2\/pages\/457\/revisions\/676"}],"wp:featuredmedia":[{"embeddable":true,"href":"https:\/\/testing.thanglong-jsc.com\/index.php\/wp-json\/wp\/v2\/media\/462"}],"wp:attachment":[{"href":"https:\/\/testing.thanglong-jsc.com\/index.php\/wp-json\/wp\/v2\/media?parent=457"}],"curies":[{"name":"wp","href":"https:\/\/api.w.org\/{rel}","templated":true}]}}