{"id":1738,"date":"2026-04-16T09:58:06","date_gmt":"2026-04-16T09:58:06","guid":{"rendered":"https:\/\/testing.thanglong-jsc.com\/?post_type=product&#038;p=1738"},"modified":"2026-04-16T09:58:06","modified_gmt":"2026-04-16T09:58:06","slug":"he-thong-pin-cho-phuong-tien-toc-do-thap","status":"publish","type":"product","link":"https:\/\/testing.thanglong-jsc.com\/index.php\/product\/he-thong-pin-cho-phuong-tien-toc-do-thap\/","title":{"rendered":"H\u1ec7 th\u1ed1ng pin cho ph\u01b0\u01a1ng ti\u1ec7n t\u1ed1c \u0111\u1ed9 th\u1ea5p"},"content":{"rendered":"<p><strong>T\u00ednh n\u0103ng s\u1ea3n ph\u1ea9m:<\/strong> Ph\u00f9 h\u1ee3p cho xe \u0111\u1ea1p \u0111i\u1ec7n, xe m\u00e1y \u0111i\u1ec7n, drone, xe tay ga \u0111i\u1ec7n, c\u00e1c d\u1ef1 \u00e1n thay pin, v.v.<\/p>\n<p><strong> \u1ed4n \u0111\u1ecbnh v\u1ec1 ch\u1ea5t l\u01b0\u1ee3ng, hi\u1ec7u su\u1ea5t an to\u00e0n cao<\/strong><br \/>\n\u221a S\u1eed d\u1ee5ng c\u00e1c t\u1ebf b\u00e0o pin lithium s\u1eaft phosphate lo\u1ea1i A m\u1edbi<br \/>\n\u221a Ch\u00eanh l\u1ec7ch \u0111i\u1ec7n \u00e1p gi\u1eefa c\u00e1c t\u1ebf b\u00e0o nh\u1ecf, \u0111\u1ed9 \u0111\u1ed3ng nh\u1ea5t cao<br \/>\n\u221a Trang b\u1ecb thi\u1ebft b\u1ecb ch\u1eefa ch\u00e1y d\u1ea1ng aerosol, an to\u00e0n v\u00e0 \u0111\u00e1ng tin c\u1eady<\/p>\n<p><strong> Tu\u1ed5i th\u1ecd cao<\/strong><br \/>\n\u221aS\u1eed d\u1ee5ng c\u00e1c t\u1ebf b\u00e0o pin c\u00f3 tu\u1ed5i th\u1ecd chu k\u1ef3 cao<br \/>\n\u221aTu\u1ed5i th\u1ecd c\u00f3 th\u1ec3 \u0111\u1ea1t tr\u00ean 5 n\u0103m<br \/>\n\u221aS\u1eed d\u1ee5ng c\u00e1c t\u1ebf b\u00e0o pin m\u1eadt \u0111\u1ed9 n\u0103ng l\u01b0\u1ee3ng cao, t\u0103ng qu\u00e3ng \u0111\u01b0\u1eddng v\u1eadn h\u00e0nh.<\/p>\n<p><strong>H\u1ec7 th\u1ed1ng qu\u1ea3n l\u00fd pin ti\u00ean ti\u1ebfn<\/strong><br \/>\n\u221a H\u1ec7 th\u1ed1ng c\u00f3 th\u1ec3 gi\u00e1m s\u00e1t th\u1eddi gian th\u1ef1c v\u00e0 qu\u1ea3n l\u00fd hi\u1ec7u qu\u1ea3 c\u00e1c b\u1ed9 pin lithium<br \/>\n\u221a Ch\u1ee9c n\u0103ng b\u1ea3o v\u1ec7 qu\u00e1 s\u1ea1c, qu\u00e1 x\u1ea3, qu\u00e1 d\u00f2ng, qu\u00e1 nhi\u1ec7t v\u00e0 d\u01b0\u1edbi nhi\u1ec7t<br \/>\n\u221a Ch\u1ee9c n\u0103ng b\u1ea3o v\u1ec7 ch\u1ed1ng ng\u1eafn m\u1ea1ch<\/p>\n<p><strong>Ti\u1ec7n l\u1ee3i v\u00e0 nhanh ch\u00f3ng, \u0111\u00e1p \u1ee9ng \u0111a d\u1ea1ng ch\u1ee9c n\u0103ng truy\u1ec1n th\u00f4ng<\/strong><br \/>\n\u221a BMS t\u00ednh to\u00e1n ch\u00ednh x\u00e1c SOC c\u1ee7a c\u00e1c b\u1ed9 pin lithium<br \/>\n\u221a \u00c1p d\u1ee5ng c\u00e1c ph\u01b0\u01a1ng th\u1ee9c truy\u1ec1n th\u00f4ng nh\u01b0 RS485 v\u00e0 truy\u1ec1n \u0111\u01a1n d\u00e2y<br \/>\n\u221a Th\u1ef1c hi\u1ec7n \u0111i\u1ec1u khi\u1ec3n thi\u1ebft b\u1ecb, hi\u1ec7u chu\u1ea9n v\u00e0 gi\u00e1m s\u00e1t d\u1eef li\u1ec7u<\/p>\n<table width=\"667\">\n<tbody>\n<tr>\n<td width=\"259\"><strong>M\u1eabu<\/strong><\/td>\n<td width=\"407\"><strong>SKW48V22Ah<\/strong><\/td>\n<\/tr>\n<tr>\n<td width=\"259\">\u0110i\u1ec7n\u00a0\u00e1p\u00a0\u0111\u1ecbnh\u00a0m\u1ee9c\u00a0(V)<\/td>\n<td width=\"407\">48\u00a0V<\/td>\n<\/tr>\n<tr>\n<td width=\"259\">Dung\u00a0l\u01b0\u1ee3ng\u00a0\u0111\u1ecbnh\u00a0m\u1ee9c\u00a0(Ah)<\/td>\n<td width=\"407\">22\u00a0Ah<\/td>\n<\/tr>\n<tr>\n<td width=\"259\">Lo\u1ea1i\u00a0v\u1eadt\u00a0li\u1ec7u<\/td>\n<td width=\"407\">Pin\u00a0Lithium\u00a0s\u1eaft\u00a0phosphate<\/td>\n<\/tr>\n<tr>\n<td width=\"259\">S\u1ed1\u00a0l\u01b0\u1ee3ng\u00a0cell\u00a0ri\u00eang\u00a0l\u1ebb<\/td>\n<td width=\"407\">15<\/td>\n<\/tr>\n<tr>\n<td width=\"259\">Ph\u01b0\u01a1ng\u00a0ph\u00e1p\u00a0k\u1ebft\u00a0n\u1ed1i\u00a0pin\u00a0ri\u00eang\u00a0l\u1ebb<\/td>\n<td width=\"407\">K\u1ebft\u00a0n\u1ed1i\u00a0n\u1ed1i\u00a0ti\u1ebfp<\/td>\n<\/tr>\n<tr>\n<td width=\"259\">T\u1ed5ng\u00a0kh\u1ed1i\u00a0l\u01b0\u1ee3ng\u00a0(kg)<\/td>\n<td width=\"407\">8,3\u00a0kg<\/td>\n<\/tr>\n<tr>\n<td width=\"259\">\u0110i\u1ec7n\u00a0\u00e1p\u00a0gi\u1edbi\u00a0h\u1ea1n\u00a0s\u1ea1c\u00a0(V)<\/td>\n<td width=\"407\">54,6\u00a0V<\/td>\n<\/tr>\n<tr>\n<td width=\"259\">\u0110i\u1ec7n\u00a0\u00e1p\u00a0c\u1eaft\u00a0x\u1ea3\u00a0(V)<\/td>\n<td width=\"407\">37,5\u00a0V<\/td>\n<\/tr>\n<tr>\n<td width=\"259\">D\u00f2ng\u00a0s\u1ea1c\u00a0t\u1ed1i\u00a0\u0111a\u00a0(A)<\/td>\n<td width=\"407\">0.4167<\/td>\n<\/tr>\n<tr>\n<td width=\"259\">D\u00f2ng\u00a0x\u1ea3\u00a0t\u1ed1i\u00a0\u0111a\u00a0(A)<\/td>\n<td width=\"407\">20\u00a0A<\/td>\n<\/tr>\n<tr>\n<td width=\"259\">Nhi\u1ec7t\u00a0\u0111\u1ed9\u00a0ho\u1ea1t\u00a0\u0111\u1ed9ng<\/td>\n<td width=\"407\">-20\u2103\u00a0~\u00a060\u2103<\/td>\n<\/tr>\n<tr>\n<td width=\"259\">N\u0103ng\u00a0l\u01b0\u1ee3ng\u00a0\u0111\u1ecbnh\u00a0m\u1ee9c\u00a0(Wh)<\/td>\n<td width=\"407\">1008\u00a0Wh<\/td>\n<\/tr>\n<tr>\n<td width=\"259\">H\u00ecnh\u00a0d\u1ea1ng\u00a0v\u00e0\u00a0k\u00edch\u00a0th\u01b0\u1edbc\u00a0s\u1ea3n\u00a0ph\u1ea9m\u00a0(mm)<\/td>\n<td width=\"407\">182\u00a0\u00d7\u00a0155\u00a0\u00d7\u00a0266<\/td>\n<\/tr>\n<tr>\n<td width=\"259\">Tu\u1ed5i\u00a0th\u1ecd\u00a0chu\u00a0k\u1ef3<\/td>\n<td width=\"407\">\u2265\u00a02000\u00a0l\u1ea7n\u00a0(\u2265\u00a080%\u00a0dung\u00a0l\u01b0\u1ee3ng\u00a0ban\u00a0\u0111\u1ea7u)<\/td>\n<\/tr>\n<tr>\n<td width=\"259\">Th\u00f4ng\u00a0s\u1ed1\u00a0pin\u00a0\u0111\u01a1n\u00a0l\u1ebb<\/td>\n<td width=\"407\">21\u00a0Ah<\/td>\n<\/tr>\n<tr>\n<td width=\"259\">C\u1ea5p\u00a0ch\u1ed1ng\u00a0ch\u00e1y\u00a0v\u1ecf\u00a0pin<\/td>\n<td width=\"407\">UL94-V0<\/td>\n<\/tr>\n<tr>\n<td width=\"259\">C\u1ea5p\u00a0ch\u1ed1ng\u00a0ch\u00e1y\u00a0d\u00e2y<\/td>\n<td width=\"407\">ZC<\/td>\n<\/tr>\n<\/tbody>\n<\/table>\n","protected":false},"excerpt":{"rendered":"<p>T\u00ednh n\u0103ng s\u1ea3n ph\u1ea9m: Ph\u00f9 h\u1ee3p cho xe \u0111\u1ea1p \u0111i\u1ec7n, xe m\u00e1y \u0111i\u1ec7n, drone, xe tay ga \u0111i\u1ec7n, c\u00e1c d\u1ef1 \u00e1n thay pin, v.v. \u1ed4n \u0111\u1ecbnh v\u1ec1 ch\u1ea5t l\u01b0\u1ee3ng, hi\u1ec7u su\u1ea5t an to\u00e0n cao \u221a S\u1eed d\u1ee5ng c\u00e1c t\u1ebf b\u00e0o pin lithium s\u1eaft phosphate lo\u1ea1i A m\u1edbi \u221a Ch\u00eanh l\u1ec7ch \u0111i\u1ec7n \u00e1p gi\u1eefa c\u00e1c t\u1ebf [&hellip;]<\/p>\n","protected":false},"featured_media":1739,"comment_status":"open","ping_status":"closed","template":"","meta":[],"product_brand":[],"product_cat":[38,39],"product_tag":[],"class_list":{"0":"post-1738","1":"product","2":"type-product","3":"status-publish","4":"has-post-thumbnail","6":"product_cat-nang-luong-mat-troi","7":"product_cat-thiet-bi-luu-tru","9":"first","10":"instock","11":"shipping-taxable","12":"product-type-simple"},"_links":{"self":[{"href":"https:\/\/testing.thanglong-jsc.com\/index.php\/wp-json\/wp\/v2\/product\/1738","targetHints":{"allow":["GET"]}}],"collection":[{"href":"https:\/\/testing.thanglong-jsc.com\/index.php\/wp-json\/wp\/v2\/product"}],"about":[{"href":"https:\/\/testing.thanglong-jsc.com\/index.php\/wp-json\/wp\/v2\/types\/product"}],"replies":[{"embeddable":true,"href":"https:\/\/testing.thanglong-jsc.com\/index.php\/wp-json\/wp\/v2\/comments?post=1738"}],"wp:featuredmedia":[{"embeddable":true,"href":"https:\/\/testing.thanglong-jsc.com\/index.php\/wp-json\/wp\/v2\/media\/1739"}],"wp:attachment":[{"href":"https:\/\/testing.thanglong-jsc.com\/index.php\/wp-json\/wp\/v2\/media?parent=1738"}],"wp:term":[{"taxonomy":"product_brand","embeddable":true,"href":"https:\/\/testing.thanglong-jsc.com\/index.php\/wp-json\/wp\/v2\/product_brand?post=1738"},{"taxonomy":"product_cat","embeddable":true,"href":"https:\/\/testing.thanglong-jsc.com\/index.php\/wp-json\/wp\/v2\/product_cat?post=1738"},{"taxonomy":"product_tag","embeddable":true,"href":"https:\/\/testing.thanglong-jsc.com\/index.php\/wp-json\/wp\/v2\/product_tag?post=1738"}],"curies":[{"name":"wp","href":"https:\/\/api.w.org\/{rel}","templated":true}]}}