{"id":1740,"date":"2026-04-16T10:06:13","date_gmt":"2026-04-16T10:06:13","guid":{"rendered":"https:\/\/testing.thanglong-jsc.com\/?post_type=product&#038;p=1740"},"modified":"2026-04-16T10:06:13","modified_gmt":"2026-04-16T10:06:13","slug":"he-thong-pin-cong-suat-lon","status":"publish","type":"product","link":"https:\/\/testing.thanglong-jsc.com\/index.php\/product\/he-thong-pin-cong-suat-lon\/","title":{"rendered":"H\u1ec7 th\u1ed1ng pin c\u00f4ng su\u1ea5t l\u1edbn"},"content":{"rendered":"<p data-section-id=\"9aof0p\" data-start=\"83\" data-end=\"110\"><span role=\"text\">\ud83d\udd0b <strong data-start=\"88\" data-end=\"110\">T\u00ednh n\u0103ng s\u1ea3n ph\u1ea9m<\/strong><\/span><\/p>\n<p data-start=\"112\" data-end=\"237\">\u00c1p d\u1ee5ng cho xe bu\u00fdt \u0111\u00f4 th\u1ecb, xe giao h\u00e0ng logistics, m\u00e1y m\u00f3c x\u00e2y d\u1ef1ng \u0111i\u1ec7n, xe t\u1ea3i khai th\u00e1c m\u1ecf v\u00e0 thi\u1ebft b\u1ecb khai th\u00e1c m\u1ecf, v.v.<\/p>\n<hr data-start=\"239\" data-end=\"242\" \/>\n<p data-section-id=\"wgevey\" data-start=\"244\" data-end=\"281\"><span role=\"text\">\u26a1 <strong data-start=\"249\" data-end=\"281\">Hi\u1ec7u su\u1ea5t c\u00f4ng su\u1ea5t xu\u1ea5t s\u1eafc<\/strong><\/span><\/p>\n<ul data-start=\"282\" data-end=\"510\">\n<li data-section-id=\"1hdmld4\" data-start=\"282\" data-end=\"366\">Ki\u1ebfn tr\u00fac \u0111\u1ed9c \u0111\u00e1o, mang l\u1ea1i \u0111i\u1ec7n \u00e1p danh \u0111\u1ecbnh cao v\u00e0 dung l\u01b0\u1ee3ng l\u1edbn cho s\u1ea3n ph\u1ea9m<\/li>\n<li data-section-id=\"uaa92z\" data-start=\"367\" data-end=\"441\">\u0110\u00e1p \u1ee9ng nhu c\u1ea7u d\u00f2ng \u0111i\u1ec7n cao ngay t\u1ea1i th\u1eddi \u0111i\u1ec3m kh\u1edfi \u0111\u1ed9ng ph\u01b0\u01a1ng ti\u1ec7n<\/li>\n<li data-section-id=\"1x15xin\" data-start=\"442\" data-end=\"510\">Cung c\u1ea5p \u0111i\u1ec7n \u1ed5n \u0111\u1ecbnh l\u00e2u d\u00e0i, h\u1ed7 tr\u1ee3 v\u1eadn h\u00e0nh thi\u1ebft b\u1ecb hi\u1ec7u qu\u1ea3<\/li>\n<\/ul>\n<hr data-start=\"512\" data-end=\"515\" \/>\n<p data-section-id=\"g8z3q\" data-start=\"517\" data-end=\"554\"><span role=\"text\">\ud83d\udee1 <strong data-start=\"523\" data-end=\"554\">\u0110\u1ea3m b\u1ea3o an to\u00e0n nghi\u00eam ng\u1eb7t<\/strong><\/span><\/p>\n<ul data-start=\"555\" data-end=\"680\">\n<li data-section-id=\"sxvhay\" data-start=\"555\" data-end=\"592\">H\u1ec7 th\u1ed1ng b\u1ea3o v\u1ec7 an to\u00e0n nhi\u1ec1u l\u1edbp<\/li>\n<li data-section-id=\"bcnxio\" data-start=\"593\" data-end=\"642\">M\u1ee9c ch\u1ed1ng n\u01b0\u1edbc tu\u00e2n th\u1ee7 ti\u00eau chu\u1ea9n GB\/T 36972<\/li>\n<li data-section-id=\"1wnx7r\" data-start=\"643\" data-end=\"680\">V\u1ecf ch\u1ed1ng ch\u00e1y l\u00e0m t\u1eeb v\u1eadt li\u1ec7u ABS<\/li>\n<\/ul>\n<hr data-start=\"682\" data-end=\"685\" \/>\n<p data-section-id=\"18bcho6\" data-start=\"687\" data-end=\"731\"><span role=\"text\">\ud83c\udf21 <strong data-start=\"693\" data-end=\"731\">Kh\u1ea3 n\u0103ng th\u00edch \u1ee9ng m\u00f4i tr\u01b0\u1eddng r\u1ed9ng<\/strong><\/span><\/p>\n<ul data-start=\"732\" data-end=\"850\">\n<li data-section-id=\"1ufkpp5\" data-start=\"732\" data-end=\"760\">Nhi\u1ec7t \u0111\u1ed9 s\u1ea1c: 0\u00b0C ~ 55\u00b0C<\/li>\n<li data-section-id=\"z8sq17\" data-start=\"761\" data-end=\"790\">Nhi\u1ec7t \u0111\u1ed9 x\u1ea3: -30\u00b0C ~ 60\u00b0C<\/li>\n<li data-section-id=\"ugmc73\" data-start=\"791\" data-end=\"850\">Ho\u1ea1t \u0111\u1ed9ng \u1ed5n \u0111\u1ecbnh trong \u0111i\u1ec1u ki\u1ec7n n\u00f3ng\/l\u1ea1nh kh\u1eafc nghi\u1ec7t<\/li>\n<\/ul>\n<hr data-start=\"852\" data-end=\"855\" \/>\n<p data-section-id=\"1z02y44\" data-start=\"857\" data-end=\"897\"><span role=\"text\">\ud83e\udd16 <strong data-start=\"863\" data-end=\"897\">Qu\u1ea3n l\u00fd th\u00f4ng minh v\u00e0 hi\u1ec7u qu\u1ea3<\/strong><\/span><\/p>\n<ul data-start=\"898\" data-end=\"1089\">\n<li data-section-id=\"4w97xh\" data-start=\"898\" data-end=\"944\">H\u1ec7 th\u1ed1ng BMS m\u1ea1nh m\u1ebd, ti\u1ebft ki\u1ec7m n\u0103ng l\u01b0\u1ee3ng<\/li>\n<li data-section-id=\"1a8aei0\" data-start=\"945\" data-end=\"1011\">Truy\u1ec1n th\u00f4ng tr\u1ef1c ti\u1ebfp, gi\u00e1m s\u00e1t th\u1eddi gian th\u1ef1c tr\u1ea1ng th\u00e1i pin<\/li>\n<li data-section-id=\"1ujxphg\" data-start=\"1012\" data-end=\"1089\">\u0110i\u1ec1u ch\u1ec9nh th\u00f4ng minh chi\u1ebfn l\u01b0\u1ee3c s\u1ea1c\/x\u1ea3, t\u1ed1i \u01b0u hi\u1ec7u su\u1ea5t v\u00e0 tu\u1ed5i th\u1ecd pin<\/li>\n<\/ul>\n<hr data-start=\"1091\" data-end=\"1094\" \/>\n<p data-section-id=\"hh2dsg\" data-start=\"1096\" data-end=\"1122\"><span role=\"text\">\ud83d\udcca <strong data-start=\"1101\" data-end=\"1122\">Th\u00f4ng s\u1ed1 k\u1ef9 thu\u1eadt<\/strong><\/span><\/p>\n<p data-start=\"1124\" data-end=\"1148\"><strong data-start=\"1124\" data-end=\"1132\">M\u1eabu:<\/strong> 172,8V &#8211; 80Ah<\/p>\n<ul data-start=\"1150\" data-end=\"1331\">\n<li data-section-id=\"1mkz8ci\" data-start=\"1150\" data-end=\"1180\">Th\u00f4ng s\u1ed1 cell: 3,2V \/ 80Ah<\/li>\n<li data-section-id=\"u8urf4\" data-start=\"1181\" data-end=\"1200\">C\u1ea5u h\u00ecnh: 1P54S<\/li>\n<li data-section-id=\"6t13em\" data-start=\"1201\" data-end=\"1230\">\u0110i\u1ec7n \u00e1p \u0111\u1ecbnh m\u1ee9c: 172,8 V<\/li>\n<li data-section-id=\"1jad10m\" data-start=\"1231\" data-end=\"1261\">Dung l\u01b0\u1ee3ng \u0111\u1ecbnh m\u1ee9c: 80 Ah<\/li>\n<li data-section-id=\"1y9gi5p\" data-start=\"1262\" data-end=\"1295\">\u0110i\u1ec7n tr\u1edf n\u1ed9i ban \u0111\u1ea7u: \u2264 60 m\u03a9<\/li>\n<li data-section-id=\"xqqcsf\" data-start=\"1296\" data-end=\"1331\">N\u0103ng l\u01b0\u1ee3ng \u0111\u1ecbnh m\u1ee9c: 13,824 kWh<\/li>\n<\/ul>\n<hr data-start=\"1333\" data-end=\"1336\" \/>\n<p data-section-id=\"njksng\" data-start=\"1338\" data-end=\"1365\"><span role=\"text\">\ud83d\udd0c <strong data-start=\"1344\" data-end=\"1365\">Th\u00f4ng s\u1ed1 v\u1eadn h\u00e0nh<\/strong><\/span><\/p>\n<ul data-start=\"1366\" data-end=\"1457\">\n<li data-section-id=\"fuqdw1\" data-start=\"1366\" data-end=\"1391\">\u0110i\u1ec7n \u00e1p c\u1eaft x\u1ea3: 135 V<\/li>\n<li data-section-id=\"riwnji\" data-start=\"1392\" data-end=\"1420\">\u0110i\u1ec7n \u00e1p c\u1eaft s\u1ea1c: 197,1 V<\/li>\n<li data-section-id=\"1618g49\" data-start=\"1421\" data-end=\"1439\">D\u00f2ng s\u1ea1c: 40 A<\/li>\n<li data-section-id=\"1ujmagv\" data-start=\"1440\" data-end=\"1457\">D\u00f2ng x\u1ea3: 80 A<\/li>\n<\/ul>\n<hr data-start=\"1459\" data-end=\"1462\" \/>\n<p data-section-id=\"omkm5e\" data-start=\"1464\" data-end=\"1490\"><span role=\"text\">\ud83d\udee0 <strong data-start=\"1470\" data-end=\"1490\">Ch\u1ee9c n\u0103ng b\u1ea3o v\u1ec7<\/strong><\/span><\/p>\n<ul data-start=\"1491\" data-end=\"1607\">\n<li data-section-id=\"tk3g4j\" data-start=\"1491\" data-end=\"1508\">B\u1ea3o v\u1ec7 qu\u00e1 \u00e1p<\/li>\n<li data-section-id=\"1s6j0gw\" data-start=\"1509\" data-end=\"1527\">B\u1ea3o v\u1ec7 d\u01b0\u1edbi \u00e1p<\/li>\n<li data-section-id=\"1y9mo3a\" data-start=\"1528\" data-end=\"1555\">B\u1ea3o v\u1ec7 qu\u00e1 d\u00f2ng khi s\u1ea1c<\/li>\n<li data-section-id=\"170aj30\" data-start=\"1556\" data-end=\"1582\">B\u1ea3o v\u1ec7 qu\u00e1 d\u00f2ng khi x\u1ea3<\/li>\n<li data-section-id=\"19ipk91\" data-start=\"1583\" data-end=\"1607\">B\u1ea3o v\u1ec7 nhi\u1ec7t \u0111\u1ed9 cell<\/li>\n<\/ul>\n<hr data-start=\"1609\" data-end=\"1612\" \/>\n<p data-section-id=\"8536\" data-start=\"1614\" data-end=\"1638\"><span role=\"text\">\u2699\ufe0f <strong data-start=\"1620\" data-end=\"1638\">BMS &amp; h\u1ec7 th\u1ed1ng<\/strong><\/span><\/p>\n<ul data-start=\"1639\" data-end=\"1762\">\n<li data-section-id=\"1g5aksr\" data-start=\"1639\" data-end=\"1719\">C\u00f4ng su\u1ea5t BMS:\n<ul data-start=\"1660\" data-end=\"1719\">\n<li data-section-id=\"1jt0a7g\" data-start=\"1660\" data-end=\"1680\">Ho\u1ea1t \u0111\u1ed9ng: 10 mA<\/li>\n<li data-section-id=\"jkix8p\" data-start=\"1683\" data-end=\"1700\">Ch\u1edd: \u2264 150 \u03bcA<\/li>\n<li data-section-id=\"1iuzpgm\" data-start=\"1703\" data-end=\"1719\">T\u1eaft: \u2264 20 \u03bcA<\/li>\n<\/ul>\n<\/li>\n<li data-section-id=\"1lph4er\" data-start=\"1721\" data-end=\"1762\">Gi\u00e1m s\u00e1t truy\u1ec1n th\u00f4ng: 1 \u0111\u01b0\u1eddng truy\u1ec1n<\/li>\n<\/ul>\n<hr data-start=\"1764\" data-end=\"1767\" \/>\n<p data-section-id=\"17lwu69\" data-start=\"1769\" data-end=\"1800\"><span role=\"text\">\ud83d\udd01 <strong data-start=\"1775\" data-end=\"1800\">Tu\u1ed5i th\u1ecd &amp; m\u00f4i tr\u01b0\u1eddng<\/strong><\/span><\/p>\n<ul data-start=\"1801\" data-end=\"2014\">\n<li data-section-id=\"14tsc0m\" data-start=\"1801\" data-end=\"1859\">Tu\u1ed5i th\u1ecd chu k\u1ef3: \u2265 2500 l\u1ea7n (\u2265 80% dung l\u01b0\u1ee3ng ban \u0111\u1ea7u)<\/li>\n<li data-section-id=\"140jc2v\" data-start=\"1860\" data-end=\"1928\">Nhi\u1ec7t \u0111\u1ed9 ho\u1ea1t \u0111\u1ed9ng:\n<ul data-start=\"1886\" data-end=\"1928\">\n<li data-section-id=\"1dh8k25\" data-start=\"1886\" data-end=\"1905\">S\u1ea1c: 0\u00b0C ~ 55\u00b0C<\/li>\n<li data-section-id=\"1y8ievz\" data-start=\"1908\" data-end=\"1928\">X\u1ea3: -30\u00b0C ~ 60\u00b0C<\/li>\n<\/ul>\n<\/li>\n<li data-section-id=\"1n1ot2\" data-start=\"1930\" data-end=\"1982\">C\u1ea5p b\u1ea3o v\u1ec7 ch\u1ed1ng n\u01b0\u1edbc: \u0111\u1ea1t ti\u00eau chu\u1ea9n GB\/T 36972<\/li>\n<li data-section-id=\"nimbvn\" data-start=\"1983\" data-end=\"2014\">V\u1eadt li\u1ec7u v\u1ecf: ABS ch\u1ed1ng ch\u00e1y<\/li>\n<\/ul>\n","protected":false},"excerpt":{"rendered":"<p>\ud83d\udd0b T\u00ednh n\u0103ng s\u1ea3n ph\u1ea9m \u00c1p d\u1ee5ng cho xe bu\u00fdt \u0111\u00f4 th\u1ecb, xe giao h\u00e0ng logistics, m\u00e1y m\u00f3c x\u00e2y d\u1ef1ng \u0111i\u1ec7n, xe t\u1ea3i khai th\u00e1c m\u1ecf v\u00e0 thi\u1ebft b\u1ecb khai th\u00e1c m\u1ecf, v.v. \u26a1 Hi\u1ec7u su\u1ea5t c\u00f4ng su\u1ea5t xu\u1ea5t s\u1eafc Ki\u1ebfn tr\u00fac \u0111\u1ed9c \u0111\u00e1o, mang l\u1ea1i \u0111i\u1ec7n \u00e1p danh \u0111\u1ecbnh cao v\u00e0 dung l\u01b0\u1ee3ng l\u1edbn [&hellip;]<\/p>\n","protected":false},"featured_media":1741,"comment_status":"open","ping_status":"closed","template":"","meta":[],"product_brand":[],"product_cat":[38,39],"product_tag":[],"class_list":{"0":"post-1740","1":"product","2":"type-product","3":"status-publish","4":"has-post-thumbnail","6":"product_cat-nang-luong-mat-troi","7":"product_cat-thiet-bi-luu-tru","9":"first","10":"instock","11":"shipping-taxable","12":"product-type-simple"},"_links":{"self":[{"href":"https:\/\/testing.thanglong-jsc.com\/index.php\/wp-json\/wp\/v2\/product\/1740","targetHints":{"allow":["GET"]}}],"collection":[{"href":"https:\/\/testing.thanglong-jsc.com\/index.php\/wp-json\/wp\/v2\/product"}],"about":[{"href":"https:\/\/testing.thanglong-jsc.com\/index.php\/wp-json\/wp\/v2\/types\/product"}],"replies":[{"embeddable":true,"href":"https:\/\/testing.thanglong-jsc.com\/index.php\/wp-json\/wp\/v2\/comments?post=1740"}],"wp:featuredmedia":[{"embeddable":true,"href":"https:\/\/testing.thanglong-jsc.com\/index.php\/wp-json\/wp\/v2\/media\/1741"}],"wp:attachment":[{"href":"https:\/\/testing.thanglong-jsc.com\/index.php\/wp-json\/wp\/v2\/media?parent=1740"}],"wp:term":[{"taxonomy":"product_brand","embeddable":true,"href":"https:\/\/testing.thanglong-jsc.com\/index.php\/wp-json\/wp\/v2\/product_brand?post=1740"},{"taxonomy":"product_cat","embeddable":true,"href":"https:\/\/testing.thanglong-jsc.com\/index.php\/wp-json\/wp\/v2\/product_cat?post=1740"},{"taxonomy":"product_tag","embeddable":true,"href":"https:\/\/testing.thanglong-jsc.com\/index.php\/wp-json\/wp\/v2\/product_tag?post=1740"}],"curies":[{"name":"wp","href":"https:\/\/api.w.org\/{rel}","templated":true}]}}